{"id":105,"date":"2020-06-17T16:56:50","date_gmt":"2020-06-17T16:56:50","guid":{"rendered":"http:\/\/novatek-solutions.com\/Novatek\/?page_id=105"},"modified":"2020-06-17T16:56:52","modified_gmt":"2020-06-17T16:56:52","slug":"informatique-supervision","status":"publish","type":"page","link":"https:\/\/novatek-solutions.com\/Novatek\/informatique-supervision\/","title":{"rendered":"INFORMATIQUE SUPERVISION"},"content":{"rendered":"\n<div class=\"wp-block-themeisle-blocks-advanced-columns has-1-columns has-desktop-equal-layout has-tablet-equal-layout has-mobile-equal-layout has-default-gap has-vertical-unset\" id=\"wp-block-themeisle-blocks-advanced-columns-b4b332d8\"><div class=\"wp-block-themeisle-blocks-advanced-columns-overlay\"><\/div><div class=\"innerblocks-wrap\">\n<div class=\"wp-block-themeisle-blocks-advanced-column\" id=\"wp-block-themeisle-blocks-advanced-column-bfa7091a\">\n<div class=\"wp-block-media-text alignwide is-stacked-on-mobile\" style=\"grid-template-columns:21% auto\"><figure class=\"wp-block-media-text__media\"><img loading=\"lazy\" decoding=\"async\" width=\"150\" height=\"150\" src=\"https:\/\/novatek-solutions.com\/Novatek\/wp-content\/uploads\/2020\/06\/picto-info-indus-1-1.png\" alt=\"\" class=\"wp-image-106\"\/><\/figure><div class=\"wp-block-media-text__content\">\n<p style=\"font-size:22px\"><strong>INFORMATIQUE SUPERVISION<\/strong><\/p>\n<\/div><\/div>\n<\/div>\n<\/div><\/div>\n\n\n\n<ul class=\"wp-block-list\"><li>Novatek solution d\u00e9veloppe des solutions qui permettent&nbsp;<strong>un suivi en temps r\u00e9el et \u00e0 distance&nbsp;<\/strong>des objets connect\u00e9s.<\/li><li>toutes les donn\u00e9es sont collect\u00e9es en temps r\u00e9el \u00e0 partir des capteurs sur le site<\/li><li>&nbsp;Nos syst\u00e8mes&nbsp; IoT peuvent agir et r\u00e9agir de mani\u00e8re autonome selon des sc\u00e9narios et des param\u00e8tres pr\u00e9d\u00e9finis<\/li><li>Toutes les donn\u00e9es sont transmises en temps r\u00e9el et mises \u00e0 votre disposition dans un tableau de bord de surveillance.<\/li><li>Les solutions Novatek Solutions&nbsp; sont&nbsp;<strong> cl\u00e9 en main&nbsp;<\/strong>,&nbsp;<strong>connect\u00e9es<\/strong>,&nbsp;<strong>\u00e9volutives<\/strong>,&nbsp;<strong>personnalisables<\/strong> et&nbsp;<strong> \u00e9conomiques<\/strong>.<\/li><\/ul>\n\n\n\n<p><strong>SECTEUR D\u2019ACTIVIT\u00c9 :<\/strong><\/p>\n\n\n\n<ul class=\"wp-block-list\"><li>Agriculture<\/li><li>Agro-alimentaire<\/li><li>Gestion d\u2019\u00e9nergie<\/li><\/ul>\n\n\n\n<h5 class=\"has-header-gradient-color has-text-color wp-block-heading\"><\/h5>\n\n\n\n<p><\/p>\n\n\n\n<p><\/p>\n","protected":false},"excerpt":{"rendered":"<p>Novatek solution d\u00e9veloppe des solutions qui permettent&nbsp;un suivi en temps r\u00e9el et \u00e0 distance&nbsp;des objets connect\u00e9s. toutes les donn\u00e9es sont collect\u00e9es en temps r\u00e9el \u00e0 partir des capteurs sur le site &nbsp;Nos syst\u00e8mes&nbsp; IoT peuvent agir et r\u00e9agir de mani\u00e8re autonome selon des sc\u00e9narios et des param\u00e8tres pr\u00e9d\u00e9finis Toutes les [&hellip;]<\/p>\n","protected":false},"author":1,"featured_media":0,"parent":0,"menu_order":0,"comment_status":"closed","ping_status":"closed","template":"","meta":{"footnotes":""},"class_list":["post-105","page","type-page","status-publish","hentry"],"_links":{"self":[{"href":"https:\/\/novatek-solutions.com\/Novatek\/wp-json\/wp\/v2\/pages\/105","targetHints":{"allow":["GET"]}}],"collection":[{"href":"https:\/\/novatek-solutions.com\/Novatek\/wp-json\/wp\/v2\/pages"}],"about":[{"href":"https:\/\/novatek-solutions.com\/Novatek\/wp-json\/wp\/v2\/types\/page"}],"author":[{"embeddable":true,"href":"https:\/\/novatek-solutions.com\/Novatek\/wp-json\/wp\/v2\/users\/1"}],"replies":[{"embeddable":true,"href":"https:\/\/novatek-solutions.com\/Novatek\/wp-json\/wp\/v2\/comments?post=105"}],"version-history":[{"count":2,"href":"https:\/\/novatek-solutions.com\/Novatek\/wp-json\/wp\/v2\/pages\/105\/revisions"}],"predecessor-version":[{"id":108,"href":"https:\/\/novatek-solutions.com\/Novatek\/wp-json\/wp\/v2\/pages\/105\/revisions\/108"}],"wp:attachment":[{"href":"https:\/\/novatek-solutions.com\/Novatek\/wp-json\/wp\/v2\/media?parent=105"}],"curies":[{"name":"wp","href":"https:\/\/api.w.org\/{rel}","templated":true}]}}