{"id":112,"date":"2020-06-17T17:05:27","date_gmt":"2020-06-17T17:05:27","guid":{"rendered":"http:\/\/novatek-solutions.com\/Novatek\/?page_id=112"},"modified":"2020-06-17T17:56:33","modified_gmt":"2020-06-17T17:56:33","slug":"automatisme-asservissement","status":"publish","type":"page","link":"https:\/\/novatek-solutions.com\/Novatek\/automatisme-asservissement\/","title":{"rendered":"AUTOMATISME, ASSERVISSEMENT"},"content":{"rendered":"\n<div class=\"wp-block-themeisle-blocks-advanced-columns has-1-columns has-desktop-equal-layout has-tablet-equal-layout has-mobile-equal-layout has-default-gap has-vertical-unset\" id=\"wp-block-themeisle-blocks-advanced-columns-1f0f2617\"><div class=\"wp-block-themeisle-blocks-advanced-columns-overlay\"><\/div><div class=\"innerblocks-wrap\">\n<div class=\"wp-block-themeisle-blocks-advanced-column\" id=\"wp-block-themeisle-blocks-advanced-column-d16c5414\">\n<div class=\"wp-block-media-text alignwide is-stacked-on-mobile\" style=\"grid-template-columns:20% auto\"><figure class=\"wp-block-media-text__media\"><img loading=\"lazy\" decoding=\"async\" width=\"150\" height=\"150\" src=\"https:\/\/novatek-solutions.com\/Novatek\/wp-content\/uploads\/2020\/06\/automatisme.png\" alt=\"\" class=\"wp-image-113\"\/><\/figure><div class=\"wp-block-media-text__content\">\n<p style=\"font-size:22px\"><strong>AUTOMATISATION ET ASSERVISSEMENT<\/strong><\/p>\n<\/div><\/div>\n<\/div>\n<\/div><\/div>\n\n\n\n<p class=\"has-text-align-center has-normal-font-size\">De l\u2019analyse fonctionnelle \u00e0 la mise en service,&nbsp;<strong>notre d\u00e9partement automatisme vous apporte un service complet et sur mesure<\/strong>&nbsp;pour vos \u00e9quipements industriels (neufs ou r\u00e9trofit).<\/p>\n\n\n\n<p class=\"has-text-align-center has-normal-font-size\"><strong>Nous construisons nos automatismes autour d\u2019une interface homme \u2013 machine (IHM)<\/strong>&nbsp;afin d\u2019apporter aux op\u00e9rateurs plus de s\u00e9curit\u00e9, de souplesse d\u2019utilisation. Nous compl\u00e9tons la mise en service par une formation vous permettant d\u2019acqu\u00e9rir la ma\u00eetrise de votre \u00e9quipement et proposons aussi des solutions de t\u00e9l\u00e9maintenance.<\/p>\n\n\n\n<h4 class=\"wp-block-heading\">NOS PRESTATIONS EN AUTOMATISME :<\/h4>\n\n\n\n<ul class=\"wp-block-list\"><li>Audit technique et fonctionnel du process de production<\/li><li>\u00c9tude Electrotechnique,<\/li><li>Sch\u00e9mas \u00e9lectriques, pneumatique, hydrauliques,<\/li><li>Programmation d&rsquo;API<\/li><li>Programmation de terminaux op\u00e9rateurs I.H.M&nbsp;<\/li><li>Programmation d&rsquo;automates de s\u00e9curit\u00e9<\/li><li>Commande num\u00e9rique<\/li><li>Retrofit d\u2019automates,<\/li><li>Mise en place de r\u00e9seaux industriels&nbsp;<\/li><li>Construction d\u2019armoires de commandes,<\/li><li>C\u00e2blage \u00e9lectrique, pneumatique, hydraulique                               <\/li><\/ul>\n","protected":false},"excerpt":{"rendered":"<p>De l\u2019analyse fonctionnelle \u00e0 la mise en service,&nbsp;notre d\u00e9partement automatisme vous apporte un service complet et sur mesure&nbsp;pour vos \u00e9quipements industriels (neufs ou r\u00e9trofit). Nous construisons nos automatismes autour d\u2019une interface homme \u2013 machine (IHM)&nbsp;afin d\u2019apporter aux op\u00e9rateurs plus de s\u00e9curit\u00e9, de souplesse d\u2019utilisation. Nous compl\u00e9tons la mise en service [&hellip;]<\/p>\n","protected":false},"author":1,"featured_media":0,"parent":0,"menu_order":0,"comment_status":"closed","ping_status":"closed","template":"","meta":{"footnotes":""},"class_list":["post-112","page","type-page","status-publish","hentry"],"_links":{"self":[{"href":"https:\/\/novatek-solutions.com\/Novatek\/wp-json\/wp\/v2\/pages\/112","targetHints":{"allow":["GET"]}}],"collection":[{"href":"https:\/\/novatek-solutions.com\/Novatek\/wp-json\/wp\/v2\/pages"}],"about":[{"href":"https:\/\/novatek-solutions.com\/Novatek\/wp-json\/wp\/v2\/types\/page"}],"author":[{"embeddable":true,"href":"https:\/\/novatek-solutions.com\/Novatek\/wp-json\/wp\/v2\/users\/1"}],"replies":[{"embeddable":true,"href":"https:\/\/novatek-solutions.com\/Novatek\/wp-json\/wp\/v2\/comments?post=112"}],"version-history":[{"count":2,"href":"https:\/\/novatek-solutions.com\/Novatek\/wp-json\/wp\/v2\/pages\/112\/revisions"}],"predecessor-version":[{"id":136,"href":"https:\/\/novatek-solutions.com\/Novatek\/wp-json\/wp\/v2\/pages\/112\/revisions\/136"}],"wp:attachment":[{"href":"https:\/\/novatek-solutions.com\/Novatek\/wp-json\/wp\/v2\/media?parent=112"}],"curies":[{"name":"wp","href":"https:\/\/api.w.org\/{rel}","templated":true}]}}