{"id":116,"date":"2020-06-17T17:09:56","date_gmt":"2020-06-17T17:09:56","guid":{"rendered":"http:\/\/novatek-solutions.com\/Novatek\/?page_id=116"},"modified":"2020-06-17T17:54:57","modified_gmt":"2020-06-17T17:54:57","slug":"machine-speciale","status":"publish","type":"page","link":"https:\/\/novatek-solutions.com\/Novatek\/machine-speciale\/","title":{"rendered":"MACHINE SP\u00c9CIALE"},"content":{"rendered":"\n<div class=\"wp-block-themeisle-blocks-advanced-columns has-1-columns has-desktop-equal-layout has-tablet-equal-layout has-mobile-equal-layout has-default-gap has-vertical-unset\" id=\"wp-block-themeisle-blocks-advanced-columns-0ad9c975\"><div class=\"wp-block-themeisle-blocks-advanced-columns-overlay\"><\/div><div class=\"innerblocks-wrap\">\n<div class=\"wp-block-themeisle-blocks-advanced-column\" id=\"wp-block-themeisle-blocks-advanced-column-5fbe6eb3\">\n<div class=\"wp-block-media-text alignwide is-stacked-on-mobile\" style=\"grid-template-columns:20% auto\"><figure class=\"wp-block-media-text__media\"><img loading=\"lazy\" decoding=\"async\" width=\"150\" height=\"150\" src=\"https:\/\/novatek-solutions.com\/Novatek\/wp-content\/uploads\/2020\/06\/picto-machine-spreciale-mecaconcept-e1510870411726-2.png\" alt=\"\" class=\"wp-image-117\"\/><\/figure><div class=\"wp-block-media-text__content\">\n<p style=\"font-size:22px\">MACHINE SP\u00c9CIALE<\/p>\n<\/div><\/div>\n<\/div>\n<\/div><\/div>\n\n\n\n<p class=\"has-text-align-center has-normal-font-size\">Gr\u00e2ce \u00e0 notre exp\u00e9rience&nbsp;et notre savoir-faire, nous construisons des \u00e9quipements performants, fiables et s\u00e9curis\u00e9s. Nous utilisons uniquement des composants industriels de qualit\u00e9 vous garantissant ainsi une tra\u00e7abilit\u00e9 et une facilit\u00e9 de maintenance.<\/p>\n","protected":false},"excerpt":{"rendered":"<p>Gr\u00e2ce \u00e0 notre exp\u00e9rience&nbsp;et notre savoir-faire, nous construisons des \u00e9quipements performants, fiables et s\u00e9curis\u00e9s. Nous utilisons uniquement des composants industriels de qualit\u00e9 vous garantissant ainsi une tra\u00e7abilit\u00e9 et une facilit\u00e9 de maintenance.<\/p>\n","protected":false},"author":1,"featured_media":0,"parent":0,"menu_order":0,"comment_status":"closed","ping_status":"closed","template":"","meta":{"footnotes":""},"class_list":["post-116","page","type-page","status-publish","hentry"],"_links":{"self":[{"href":"https:\/\/novatek-solutions.com\/Novatek\/wp-json\/wp\/v2\/pages\/116","targetHints":{"allow":["GET"]}}],"collection":[{"href":"https:\/\/novatek-solutions.com\/Novatek\/wp-json\/wp\/v2\/pages"}],"about":[{"href":"https:\/\/novatek-solutions.com\/Novatek\/wp-json\/wp\/v2\/types\/page"}],"author":[{"embeddable":true,"href":"https:\/\/novatek-solutions.com\/Novatek\/wp-json\/wp\/v2\/users\/1"}],"replies":[{"embeddable":true,"href":"https:\/\/novatek-solutions.com\/Novatek\/wp-json\/wp\/v2\/comments?post=116"}],"version-history":[{"count":2,"href":"https:\/\/novatek-solutions.com\/Novatek\/wp-json\/wp\/v2\/pages\/116\/revisions"}],"predecessor-version":[{"id":135,"href":"https:\/\/novatek-solutions.com\/Novatek\/wp-json\/wp\/v2\/pages\/116\/revisions\/135"}],"wp:attachment":[{"href":"https:\/\/novatek-solutions.com\/Novatek\/wp-json\/wp\/v2\/media?parent=116"}],"curies":[{"name":"wp","href":"https:\/\/api.w.org\/{rel}","templated":true}]}}