{"id":62,"date":"2020-06-17T14:49:13","date_gmt":"2020-06-17T14:49:13","guid":{"rendered":"http:\/\/novatek-solutions.com\/Novatek\/?page_id=62"},"modified":"2020-06-17T17:49:56","modified_gmt":"2020-06-17T17:49:56","slug":"novatek-solutions","status":"publish","type":"page","link":"https:\/\/novatek-solutions.com\/Novatek\/novatek-solutions\/","title":{"rendered":"NOVATEK SOLUTIONS"},"content":{"rendered":"\n<div class=\"wp-block-themeisle-blocks-advanced-columns has-1-columns has-desktop-equal-layout has-tablet-equal-layout has-mobile-equal-layout has-default-gap has-vertical-unset\" id=\"wp-block-themeisle-blocks-advanced-columns-73d3a9a7\"><div class=\"wp-block-themeisle-blocks-advanced-columns-overlay\"><\/div><div class=\"innerblocks-wrap\">\n<div class=\"wp-block-themeisle-blocks-advanced-column\" id=\"wp-block-themeisle-blocks-advanced-column-b2b09e67\">\n<p class=\"has-text-align-center has-normal-font-size\">La soci\u00e9t\u00e9&nbsp;<strong>Novatek Solutions<\/strong>&nbsp;cr\u00e9\u00e9e en 2020, ayant obtenu&nbsp; le&nbsp;<strong>label&nbsp;start&nbsp;up en 2020<\/strong>.fond\u00e9e par une \u00e9quipe des experts en Robotique, Informatique industrielle, D\u00e9veloppement web et M\u00e9canique.<\/p>\n\n\n\n<p class=\"has-text-align-center has-normal-font-size\"><strong>Novatek Solutions<\/strong>&nbsp; d\u00e9veloppe et commercialise des robots &nbsp;et des solutions permettent de faire connecter tout type d\u2019objets (dans le domaine agricole et industriel), de faire son suivi en temps r\u00e9el et \u00e0 distance.<\/p>\n\n\n\n<p class=\"has-text-align-center has-normal-font-size\">Chez <strong>Novatek solutions<\/strong>, nous sommes convaincus que les nouvelles technologies permettront de changer de cap.<\/p>\n\n\n\n<p class=\"has-text-align-center has-normal-font-size\">Nos robots et outils de pointe visent une productivit\u00e9 maximale et am\u00e9liorons vos conditions de travail.<\/p>\n<\/div>\n<\/div><\/div>\n","protected":false},"excerpt":{"rendered":"","protected":false},"author":1,"featured_media":0,"parent":0,"menu_order":0,"comment_status":"closed","ping_status":"closed","template":"","meta":{"footnotes":""},"class_list":["post-62","page","type-page","status-publish","hentry"],"_links":{"self":[{"href":"https:\/\/novatek-solutions.com\/Novatek\/wp-json\/wp\/v2\/pages\/62","targetHints":{"allow":["GET"]}}],"collection":[{"href":"https:\/\/novatek-solutions.com\/Novatek\/wp-json\/wp\/v2\/pages"}],"about":[{"href":"https:\/\/novatek-solutions.com\/Novatek\/wp-json\/wp\/v2\/types\/page"}],"author":[{"embeddable":true,"href":"https:\/\/novatek-solutions.com\/Novatek\/wp-json\/wp\/v2\/users\/1"}],"replies":[{"embeddable":true,"href":"https:\/\/novatek-solutions.com\/Novatek\/wp-json\/wp\/v2\/comments?post=62"}],"version-history":[{"count":4,"href":"https:\/\/novatek-solutions.com\/Novatek\/wp-json\/wp\/v2\/pages\/62\/revisions"}],"predecessor-version":[{"id":132,"href":"https:\/\/novatek-solutions.com\/Novatek\/wp-json\/wp\/v2\/pages\/62\/revisions\/132"}],"wp:attachment":[{"href":"https:\/\/novatek-solutions.com\/Novatek\/wp-json\/wp\/v2\/media?parent=62"}],"curies":[{"name":"wp","href":"https:\/\/api.w.org\/{rel}","templated":true}]}}