{"id":63,"date":"2020-06-17T13:54:54","date_gmt":"2020-06-17T13:54:54","guid":{"rendered":"http:\/\/novatek-solutions.com\/Novatek\/?page_id=63"},"modified":"2020-07-24T07:55:00","modified_gmt":"2020-07-24T07:55:00","slug":"etude-energique","status":"publish","type":"page","link":"https:\/\/novatek-solutions.com\/Novatek\/etude-energique\/","title":{"rendered":"ETUDE \u00c9NERGIQUE"},"content":{"rendered":"\n<div class=\"wp-block-themeisle-blocks-advanced-columns has-1-columns has-desktop-equal-layout has-tablet-equal-layout has-mobile-equal-layout has-default-gap has-vertical-unset\" id=\"wp-block-themeisle-blocks-advanced-columns-94bb6517\"><div class=\"wp-block-themeisle-blocks-advanced-columns-overlay\"><\/div><div class=\"innerblocks-wrap\">\n<div class=\"wp-block-themeisle-blocks-advanced-column\" id=\"wp-block-themeisle-blocks-advanced-column-c2273cab\">\n<div class=\"wp-block-media-text alignwide is-stacked-on-mobile\" style=\"grid-template-columns:15% auto\"><figure class=\"wp-block-media-text__media\"><img loading=\"lazy\" decoding=\"async\" width=\"512\" height=\"512\" src=\"https:\/\/novatek-solutions.com\/Novatek\/wp-content\/uploads\/2020\/07\/kisspng-efficient-energy-use-energy-service-company-effici.png\" alt=\"\" class=\"wp-image-149\"\/><\/figure><div class=\"wp-block-media-text__content\">\n<p style=\"font-size:22px\" class=\"has-text-align-left\"><strong>ETUDE \u00c9NERGIQUE<\/strong><\/p>\n<\/div><\/div>\n<\/div>\n<\/div><\/div>\n\n\n\n<p class=\"has-text-align-center has-normal-font-size\">L\u2019ETUDE \u00c9NERG\u00c9TIQUE ET AUDIT \u00c9NERG\u00c9TIQUE sont r\u00e9alis\u00e9s par nos ing\u00e9nieurs et nos experts&nbsp;certifies, l\u2019\u00e9tude \u00e9nerg\u00e9tique touche toute op\u00e9ration de diagnostic de la consommation d\u2019\u00e9nergie au sein de l\u2019\u00e9tablissement \u00e0 travers la r\u00e9alisation de recherches, d\u2019\u00e9tudes et de contr\u00f4les visant \u00e0 \u00e9valuer le niveau de performance \u00e9nerg\u00e9tique de l\u2019\u00e9tablissement, \u00e0 analyser les insuffisances, les causes et \u00e0 proposer les actions correctives.<\/p>\n\n\n\n<p><strong>MISE EN PLACE DES SOLUTIONS D\u2019ECONOMIE D\u2019ENERGIE<\/strong> <\/p>\n\n\n\n<p class=\"has-text-align-center has-normal-font-size\">Dans l\u2019industrie, le plus gros levier dont vous disposez reste la rationalisation de votre consommation d\u2019\u00e9nergie.&nbsp;Le r\u00f4le de notre&nbsp; groupe d&rsquo;ing\u00e9nieur est la mise en place des solutions innovantes pour les diff\u00e9rents usages de votre \u00e9tablissement (air comprim\u00e9, chaudi\u00e8re, \u00e9clairage\u2026). Dans le but d\u2019optimiser leur fonctionnement si vous voulez faire baisser votre facture \u00e9nerg\u00e9tique et pour mener \u00e0 bien votre projet d&rsquo;efficacit\u00e9 \u00e9nerg\u00e9tique .<\/p>\n","protected":false},"excerpt":{"rendered":"<p>L\u2019ETUDE \u00c9NERG\u00c9TIQUE ET AUDIT \u00c9NERG\u00c9TIQUE sont r\u00e9alis\u00e9s par nos ing\u00e9nieurs et nos experts&nbsp;certifies, l\u2019\u00e9tude \u00e9nerg\u00e9tique touche toute op\u00e9ration de diagnostic de la consommation d\u2019\u00e9nergie au sein de l\u2019\u00e9tablissement \u00e0 travers la r\u00e9alisation de recherches, d\u2019\u00e9tudes et de contr\u00f4les visant \u00e0 \u00e9valuer le niveau de performance \u00e9nerg\u00e9tique de l\u2019\u00e9tablissement, \u00e0 analyser [&hellip;]<\/p>\n","protected":false},"author":1,"featured_media":0,"parent":0,"menu_order":0,"comment_status":"closed","ping_status":"closed","template":"","meta":{"footnotes":""},"class_list":["post-63","page","type-page","status-publish","hentry"],"_links":{"self":[{"href":"https:\/\/novatek-solutions.com\/Novatek\/wp-json\/wp\/v2\/pages\/63","targetHints":{"allow":["GET"]}}],"collection":[{"href":"https:\/\/novatek-solutions.com\/Novatek\/wp-json\/wp\/v2\/pages"}],"about":[{"href":"https:\/\/novatek-solutions.com\/Novatek\/wp-json\/wp\/v2\/types\/page"}],"author":[{"embeddable":true,"href":"https:\/\/novatek-solutions.com\/Novatek\/wp-json\/wp\/v2\/users\/1"}],"replies":[{"embeddable":true,"href":"https:\/\/novatek-solutions.com\/Novatek\/wp-json\/wp\/v2\/comments?post=63"}],"version-history":[{"count":11,"href":"https:\/\/novatek-solutions.com\/Novatek\/wp-json\/wp\/v2\/pages\/63\/revisions"}],"predecessor-version":[{"id":157,"href":"https:\/\/novatek-solutions.com\/Novatek\/wp-json\/wp\/v2\/pages\/63\/revisions\/157"}],"wp:attachment":[{"href":"https:\/\/novatek-solutions.com\/Novatek\/wp-json\/wp\/v2\/media?parent=63"}],"curies":[{"name":"wp","href":"https:\/\/api.w.org\/{rel}","templated":true}]}}