{"id":73,"date":"2020-06-17T14:35:21","date_gmt":"2020-06-17T14:35:21","guid":{"rendered":"http:\/\/novatek-solutions.com\/Novatek\/?page_id=73"},"modified":"2020-06-17T17:46:25","modified_gmt":"2020-06-17T17:46:25","slug":"bureau-detudes-cao","status":"publish","type":"page","link":"https:\/\/novatek-solutions.com\/Novatek\/bureau-detudes-cao\/","title":{"rendered":"BUREAU D\u2019\u00c9TUDES CAO"},"content":{"rendered":"\n<div class=\"wp-block-themeisle-blocks-advanced-columns has-1-columns has-desktop-equal-layout has-tablet-equal-layout has-mobile-equal-layout has-default-gap has-vertical-unset\" id=\"wp-block-themeisle-blocks-advanced-columns-82482629\"><div class=\"wp-block-themeisle-blocks-advanced-columns-overlay\"><\/div><div class=\"innerblocks-wrap\">\n<div class=\"wp-block-themeisle-blocks-advanced-column\" id=\"wp-block-themeisle-blocks-advanced-column-f406cfcd\">\n<div class=\"wp-block-media-text alignwide is-stacked-on-mobile\" style=\"grid-template-columns:19% auto\"><figure class=\"wp-block-media-text__media\"><img loading=\"lazy\" decoding=\"async\" width=\"150\" height=\"150\" src=\"https:\/\/novatek-solutions.com\/Novatek\/wp-content\/uploads\/2020\/06\/picto-cao-mecaconcept-e1510870495159-1.png\" alt=\"\" class=\"wp-image-128\"\/><\/figure><div class=\"wp-block-media-text__content\">\n<p style=\"font-size:22px\"><strong>BUREAU D\u2019\u00c9TUDES CAO<\/strong><\/p>\n<\/div><\/div>\n<\/div>\n<\/div><\/div>\n\n\n\n<p class=\"has-text-align-center has-normal-font-size\">Nous investissons en permanence dans des outils de conception et de simulation modernes et puissants tels que&nbsp;<strong>Solidworks, PDMS, PROENG<\/strong>\u2026 tout en conservant les fondamentaux de notre m\u00e9tier: lois de la m\u00e9canique, revues de projet, cotation fonctionnelle, v\u00e9rification des dossiers, etc.<br>Ce sont pour nous des \u00e9tapes indispensables qui vous assurent la qualit\u00e9 de nos prestations et la r\u00e9ussite de vos projets.<\/p>\n\n\n\n<ul class=\"wp-block-list\"><li>Recherche de solutions, projets, conception 2D \u2013 3D,<\/li><li>Dossiers techniques de fabrication,<\/li><li>Assistance technique<\/li><li>Analyse de la valeur,<\/li><li>Eco conception, ergonomie, design<\/li><li>Parc de logiciels \u00e9tendu\u00a0: CATIA , SOLID WORKS, PROENG, PDMS<\/li><li>Suivi qualit\u00e9 des dossiers,<\/li><li>Utilisation d\u2019outils d\u2019\u00e9changes 100% lisibles (images 3D, visionneuse 3D)<\/li><\/ul>\n","protected":false},"excerpt":{"rendered":"<p>Nous investissons en permanence dans des outils de conception et de simulation modernes et puissants tels que&nbsp;Solidworks, PDMS, PROENG\u2026 tout en conservant les fondamentaux de notre m\u00e9tier: lois de la m\u00e9canique, revues de projet, cotation fonctionnelle, v\u00e9rification des dossiers, etc.Ce sont pour nous des \u00e9tapes indispensables qui vous assurent la [&hellip;]<\/p>\n","protected":false},"author":1,"featured_media":0,"parent":0,"menu_order":0,"comment_status":"closed","ping_status":"closed","template":"","meta":{"footnotes":""},"class_list":["post-73","page","type-page","status-publish","hentry"],"_links":{"self":[{"href":"https:\/\/novatek-solutions.com\/Novatek\/wp-json\/wp\/v2\/pages\/73","targetHints":{"allow":["GET"]}}],"collection":[{"href":"https:\/\/novatek-solutions.com\/Novatek\/wp-json\/wp\/v2\/pages"}],"about":[{"href":"https:\/\/novatek-solutions.com\/Novatek\/wp-json\/wp\/v2\/types\/page"}],"author":[{"embeddable":true,"href":"https:\/\/novatek-solutions.com\/Novatek\/wp-json\/wp\/v2\/users\/1"}],"replies":[{"embeddable":true,"href":"https:\/\/novatek-solutions.com\/Novatek\/wp-json\/wp\/v2\/comments?post=73"}],"version-history":[{"count":4,"href":"https:\/\/novatek-solutions.com\/Novatek\/wp-json\/wp\/v2\/pages\/73\/revisions"}],"predecessor-version":[{"id":129,"href":"https:\/\/novatek-solutions.com\/Novatek\/wp-json\/wp\/v2\/pages\/73\/revisions\/129"}],"wp:attachment":[{"href":"https:\/\/novatek-solutions.com\/Novatek\/wp-json\/wp\/v2\/media?parent=73"}],"curies":[{"name":"wp","href":"https:\/\/api.w.org\/{rel}","templated":true}]}}